{"id":65,"date":"2019-01-26T18:17:42","date_gmt":"2019-01-26T17:17:42","guid":{"rendered":"http:\/\/www.maxmayerhofer.at\/wordpress\/?page_id=65"},"modified":"2023-01-05T13:38:49","modified_gmt":"2023-01-05T12:38:49","slug":"impressum","status":"publish","type":"page","link":"https:\/\/www.maxmayerhofer.at\/wordpress\/impressum\/","title":{"rendered":"Impressum"},"content":{"rendered":"\n\n\t<p><strong>IMPRESSUM<\/strong><\/p>\nIng Mayerhofer Adalbert\u00a0Marcus<br \/>\nattack Werbeagentur\nInhaber:\u00a0Ing Mayerhofer Adalbert Marcus<br \/>\neingetragenes Einzelunternehmen<br \/>\nWerbeagentur<br \/>\nUID-Nr:\u00a0ATU 17116109\nSitz:\u00a03300 Amstetten<br \/>\nSchulstra\u00dfe 14a\/Top 2 | Austria<br \/>\nTel: +43 (0)7472-67521-0<br \/>\nE-Mail:\u00a0info@attack.at\n<p><a href=\"https:\/\/firmen.wko.at\/Web\/DetailsKontakt.aspx?FirmaID=7CE3905F-ECF8-48A6-821B-3C56998BEFC2\" target=\"_blank\" rel=\"noopener\">Infos laut ECG<\/a><\/p>\n<p><strong>DATENSCHUTZ<\/strong><\/p>\n<em>EU-Streitschlichtung<\/em><br \/>\nAngaben zur Online-Streitbeilegung: Verbraucher haben die M\u00f6glichkeit, Beschwerden an die OnlineStreitbeilegungsplattform der EU zu richten:\u00a0<a href=\"https:\/\/ec.europa.eu\/consumers\/odr\/main\/index.cfm?event=main.home2.show&amp;lng=DE\" target=\"_blank\" rel=\"noopener\">https:\/\/ec.europa.eu\/consumers\/odr\/main\/index.cfm?event=main.home2.show&amp;lng=DE<\/a>. Sie k\u00f6nnen allf\u00e4llige Beschwerde auch an die oben angegebene E-Mail-Adresse richten.\n<em>Haftung f\u00fcr Inhalte dieser Webseite<\/em><br \/>\nWir entwickeln die Inhalte dieser Webseite st\u00e4ndig weiter und bem\u00fchen uns korrekte und aktuelle Informationen bereitzustellen. Leider k\u00f6nnen wir keine Haftung f\u00fcr die Korrektheit aller Inhalte auf dieser Webseite \u00fcbernehmen, speziell f\u00fcr jene die seitens Dritter bereitgestellt wird. Sollten Ihnen problematische oder rechtswidrige Inhalte auffallen, bitte wir Sie uns umgehend zu kontaktieren, Sie finden die Kontaktdaten im Impressum.\n<em>Haftung f\u00fcr Links auf dieser Webseite<\/em><br \/>\nUnsere Webseite enth\u00e4lt Links zu anderen Webseiten f\u00fcr deren Inhalt wir nicht verantwortlich sind. Wenn Ihnen rechtswidrige Links auf unserer Webseite auffallen, bitte wir Sie uns zu kontakieren, Sie finden die Kontaktdaten im Impressum.\n<em>Urheberrechtshinweis<\/em><br \/>\nAlle Inhalte dieser Webseite (Bilder, Fotos, Texte, Videos) unterliegen dem Urheberrecht. Falls notwendig, werden wir die unerlaubte Nutzung von Teilen der Inhalte unserer Seite rechtlich verfolgen.\n<em>Bildernachweis<\/em><br \/>\nDie Bilder, Fotos und Grafiken auf dieser Webseite sind urheberrechtlich gesch\u00fctzt.<br \/>\nDie Bilderrechte liegen bei den folgenden Fotografen und Unternehmen:<br \/>\n\u2022\u00a0\u00a0\u00a0\u00a0\u00a0\u00a0\u00a0\u00a0\u00a0\u00a0\u00a0\u00a0\u00a0ArtAttack<br \/>\n\u2022\u00a0\u00a0\u00a0\u00a0\u00a0\u00a0\u00a0\u00a0\u00a0\u00a0\u00a0\u00a0\u00a0Shutterstock.com\n<em>Datenschutzerkl\u00e4rung<\/em><br \/>\nWir haben diese Datenschutzerkl\u00e4rung verfasst, um Ihnen gem\u00e4\u00df der Vorgaben der EU-Datenschutz-Grundverordnung zu erkl\u00e4ren, welche Informationen wir sammeln, wie wir Daten verwenden und welche Entscheidungsm\u00f6glichkeiten Sie als Besucher dieser Webseite haben.<br \/>\nLeider liegt es in der Natur der Sache, dass diese Erkl\u00e4rungen sehr technisch klingen, wir haben uns bei der Erstellung jedoch bem\u00fcht die wichtigsten Dinge so einfach und klar zu beschreiben.\n<em>Automatische Datenspeicherung<\/em><br \/>\nWenn Sie heutzutage Webseiten besuchen, werden gewisse Informationen automatisch erstellt und gespeichert, so auch auf dieser Webseite.<br \/>\nWenn Sie unsere Webseite so wie jetzt gerade besuchen, speichert unser Webserver (Computer auf dem diese Webseite gespeichert ist) automatisch Daten wie die IP-Adresse Ihres Ger\u00e4tes, die Adressen der besuchten Unterseiten, Details zu Ihrem Browser (z.B. Chrome, Firefox, Edge,&#8230;) und Datum sowie Uhrzeit. Wir nutzen diese Daten nicht und geben Sie in der Regel nicht weiter, k\u00f6nnen jedoch nicht ausschlie\u00dfen, dass diese Daten beim Vorliegen von rechtswidrigem Verhalten eingesehen werden.\n<em>Speicherung pers\u00f6nlicher Daten<\/em><br \/>\nPers\u00f6nliche Daten, die Sie uns auf dieser Website elektronisch \u00fcbermitteln, wie zum Beispiel Name, E-Mail-Adresse, Adresse oder andere pers\u00f6nlichen Angaben im Rahmen der \u00dcbermittlung eines Formulars oder Kommentaren im Blog, werden von uns gemeinsam mit dem Zeitpunkt und der IP-Adresse nur zum jeweils angegebenen Zweck verwendet, sicher verwahrt und nicht an Dritte weitergegeben.<br \/>\nWir nutzen Ihre pers\u00f6nlichen Daten somit nur f\u00fcr die Kommunikation mit jenen Besuchern, die Kontakt ausdr\u00fccklich w\u00fcnschen und f\u00fcr die Abwicklung der auf dieser Webseite angebotenen Dienstleistungen und Produkte. Wir geben Ihre pers\u00f6nlichen Daten ohne Zustimmung nicht weiter, k\u00f6nnen jedoch nicht ausschlie\u00dfen, dass diese Daten beim Vorliegen von rechtswidrigem Verhalten eingesehen werden.<br \/>\nWenn Sie uns pers\u00f6nliche Daten per E-Mail schicken &#8211; somit abseits dieser Webseite &#8211; k\u00f6nnen wir keine sichere \u00dcbertragung und den Schutz Ihrer Daten garantieren. Wir empfehlen Ihnen, vertrauliche Daten niemals unverschl\u00fcsselt per E-Mail zu \u00fcbermitteln.\n<em>Ihre Rechte<\/em><br \/>\nIhnen stehen grunds\u00e4tzlich die Rechte auf Auskunft, Berichtigung, L\u00f6schung, Einschr\u00e4nkung, Daten\u00fcbertragbarkeit, Widerruf und Widerspruch zu. Wenn Sie glauben, dass die Verarbeitung Ihrer Daten gegen das Datenschutzrecht verst\u00f6\u00dft oder Ihre datenschutzrechtlichen Anspr\u00fcche sonst in einer Weise verletzt worden sind, k\u00f6nnen Sie sich bei der Aufsichtsbeh\u00f6rde beschweren. In \u00d6sterreich ist dies die Datenschutzbeh\u00f6rde, deren Webseiten Sie unter<a href=\"https:\/\/www.dsb.gv.at\/\" target=\"_blank\" rel=\"noopener\">\u00a0https:\/\/www.dsb.gv.at\/<\/a>\u00a0finden.\n<em>Cookies<\/em><br \/>\nUnsere Website verwendet HTTP-Cookies um nutzerspezifische Daten zu speichern. Ein Cookie ist ein kurzes Datenpaket, welches zwischen Webbrowser und Webserver ausgetauscht wird, f\u00fcr diese aber v\u00f6llig bedeutungslos ist und erst f\u00fcr die Webanwendung, z. B. einen Online-Shop, eine Bedeutung erh\u00e4lt, etwa den Inhalt eines virtuellen Warenkorbes.<br \/>\nEs gibt zwei Arten von Cookies: Erstanbieter-Cookies werden von unserer Website erstellt, Drittanbieter-Cookies werden von anderen Websites (z. B. Google Analytics) erstellt.<br \/>\nMan unterscheidet drei Kategorien von Cookies: unbedingt notwendige Cookies um grundlegende Funktionen der Website sicherzustellen, funktionelle Cookies um die Leistung der Webseite sicherzustellen und zielorientierte Cookies um das Benutzererlebnis zu verbessern.<br \/>\nWir nutzen Cookies, um unsere Webseite nutzerfreundlicher zu gestalten. Einige Cookies bleiben auf Ihrem Endger\u00e4t gespeichert, bis Sie diese l\u00f6schen. Sie erm\u00f6glichen es uns, Ihren Browser beim n\u00e4chsten Besuch wiederzuerkennen.<br \/>\nWenn Sie dies nicht w\u00fcnschen, so k\u00f6nnen Sie Ihren Browser so einrichten, dass er Sie \u00fcber das Setzen von Cookies informiert und Sie dies nur im Einzelfall erlauben.<br \/>\nSie k\u00f6nnen jederzeit Cookies, die sich bereits auf Ihrem Computer befinden, l\u00f6schen oder Cookies deaktivieren. Die Vorgangsweise dazu ist nach Browser unterschiedlich, am besten Sie suchen die Anleitung in Google mit dem Suchbegriff \u201ecookies l\u00f6schen chrome&#8220; oder \u201ecookies deaktivieren chrome&#8220; im Falle eines Chrome Browsers oder tauschen das Wort \u201echrome&#8220; gegen den Namen Ihres Browsers, z. B. edge, firefox, safari aus.<br \/>\nWenn Sie uns generell nicht gestatten, Cookies zu nutzen, d.h. diese per Browsereinstellung deaktivieren, k\u00f6nnen manche Funktionen und Seiten nicht wie erwartet funktionieren.\n<em>Google Maps Datenschutzerkl\u00e4rung<\/em><br \/>\nWir verwenden Google Maps der Firma Google Inc. (1600 Amphitheatre Parkway Mountain View, CA 94043, USA) auf unserer Webseite.<br \/>\nDurch die Nutzung der Funktionen dieser Karte werden Daten an Google \u00fcbertragen. Welche Daten von Google erfasst werden und wof\u00fcr diese Daten verwendet werden, k\u00f6nnen Sie auf\u00a0<a href=\"https:\/\/www.google.com\/intl\/de\/policies\/privacy\/\" target=\"_blank\" rel=\"noopener\">https:\/\/www.google.com\/intl\/de\/policies\/privacy\/<\/a>\u00a0nachlesen.\n<em>Google Analytics Datenschutzerkl\u00e4rung<\/em><br \/>\nWir verwenden auf dieser Webseite Google Analytics der Firma Google Inc. (1600 Amphitheatre Parkway Mountain View, CA 94043, USA) um Besucherdaten statistisch auszuwerten. Dabei verwendet Google Analytics zielorientierte Cookies.<br \/>\nN\u00e4here Informationen zu Nutzungsbedingungen und Datenschutz finden Sie unter\u00a0<a href=\"https:\/\/www.google.com\/analytics\/terms\/de.html\" target=\"_blank\" rel=\"noopener\">https:\/\/www.google.com\/analytics\/terms\/de.html\u00a0<\/a>bzw. unter\u00a0<a href=\"https:\/\/support.google.com\/analytics\/answer\/6004245?hl=de\" target=\"_blank\" rel=\"noopener\">https:\/\/support.google.com\/analytics\/answer\/6004245?hl=de<\/a>.\nPseudonymisierung<br \/>\nUnser Anliegen im Sinne der DSGVO ist die Verbesserung unseres Angebotes und unseres Webauftritts. Da uns die Privatsph\u00e4re unserer Nutzer wichtig ist, werden die Nutzerdaten pseudonymisiert. Die Datenverarbeitung erfolgt auf Basis der gesetzlichen Bestimmungen des \u00a7 96 Abs 3 TKG sowie des Art 6 EU-DSGVO Abs 1 lit a (Einwilligung) und\/oder f (berechtigtes Interesse) der DSGVO.\nDeaktivierung der Datenerfassung durch Google Analytics<br \/>\nMithilfe des Browser-Add-ons zur Deaktivierung von Google Analytics-JavaScript (ga.js, analytics.js, dc.js) k\u00f6nnen Website-Besucher verhindern, dass Google Analytics ihre Daten verwendet.<br \/>\nSie k\u00f6nnen die Erfassung der durch das Cookie erzeugten und auf Ihre Nutzung der Website bezogenen Daten an Google sowie die Verarbeitung dieser Daten durch Google verhindern, indem Sie das unter dem folgenden Link verf\u00fcgbare Browser-Plugin herunterladen und installieren:\u00a0<a href=\"https:\/\/tools.google.com\/dlpage\/gaoptout?hl=de\" target=\"_blank\" rel=\"noopener\">https:\/\/tools.google.com\/dlpage\/gaoptout?hl=de<\/a>.\n<em>Google Fonts Datenschutzerkl\u00e4rung<\/em><br \/>\nWir verwenden Google Fonts der Firma Google Inc. (1600 Amphitheatre Parkway Mountain View, CA 94043, USA) auf unserer Webseite. Die Verwendung von Google Fonts erfolgt ohne Authentisierung und es werden keine Cookies and die Google Fonts API gesendet. Sollten Sie ein Konto bei Google haben, werden keine Ihrer Google-Kontodaten an Google w\u00e4hrend der Nutzung von Google Fonts \u00fcbermittelt. Google erfasst lediglich die Nutzung von CSS und der verwendeten Fonts und speichert diese Daten sicher. Mehr zu diesen und weiteren Fragen finden Sie auf\u00a0<a href=\"https:\/\/developers.google.com\/fonts\/faq\" target=\"_blank\" rel=\"noopener\">https:\/\/developers.google.com\/fonts\/faq<\/a>.<br \/>\nWelche Daten von Google erfasst werden und wof\u00fcr diese Daten verwendet werden, k\u00f6nnen Sie auf\u00a0https:\/\/www.google.com\/intl\/de\/policies\/privacy\/\u00a0nachlesen.\n<p>Quelle: Erstellt mit dem <a href=\"https:\/\/www.adsimple.at\/impressum-generator\/\" target=\"_blank\" rel=\"noopener\"> Impressum Generator von adsimple.at<\/a><\/p>\n\n","protected":false},"excerpt":{"rendered":"<p>IMPRESSUM Ing Mayerhofer Adalbert\u00a0Marcus attack Werbeagentur Inhaber:\u00a0Ing Mayerhofer Adalbert Marcus eingetragenes Einzelunternehmen Werbeagentur UID-Nr:\u00a0ATU 17116109 Sitz:\u00a03300 Amstetten Schulstra\u00dfe 14a\/Top 2 | Austria Tel: +43 (0)7472-67521-0 E-Mail:\u00a0info@attack.at Infos laut ECG DATENSCHUTZ EU-Streitschlichtung Angaben zur Online-Streitbeilegung: Verbraucher haben die M\u00f6glichkeit, Beschwerden an die OnlineStreitbeilegungsplattform der EU zu richten:\u00a0https:\/\/ec.europa.eu\/consumers\/odr\/main\/index.cfm?event=main.home2.show&amp;lng=DE. Sie k\u00f6nnen allf\u00e4llige Beschwerde auch an die oben angegebene&hellip;<\/p>\n","protected":false},"author":1,"featured_media":0,"parent":0,"menu_order":0,"comment_status":"closed","ping_status":"closed","template":"","meta":{"footnotes":""},"class_list":["post-65","page","type-page","status-publish","hentry"],"_links":{"self":[{"href":"https:\/\/www.maxmayerhofer.at\/wordpress\/wp-json\/wp\/v2\/pages\/65","targetHints":{"allow":["GET"]}}],"collection":[{"href":"https:\/\/www.maxmayerhofer.at\/wordpress\/wp-json\/wp\/v2\/pages"}],"about":[{"href":"https:\/\/www.maxmayerhofer.at\/wordpress\/wp-json\/wp\/v2\/types\/page"}],"author":[{"embeddable":true,"href":"https:\/\/www.maxmayerhofer.at\/wordpress\/wp-json\/wp\/v2\/users\/1"}],"replies":[{"embeddable":true,"href":"https:\/\/www.maxmayerhofer.at\/wordpress\/wp-json\/wp\/v2\/comments?post=65"}],"version-history":[{"count":9,"href":"https:\/\/www.maxmayerhofer.at\/wordpress\/wp-json\/wp\/v2\/pages\/65\/revisions"}],"predecessor-version":[{"id":336,"href":"https:\/\/www.maxmayerhofer.at\/wordpress\/wp-json\/wp\/v2\/pages\/65\/revisions\/336"}],"wp:attachment":[{"href":"https:\/\/www.maxmayerhofer.at\/wordpress\/wp-json\/wp\/v2\/media?parent=65"}],"curies":[{"name":"wp","href":"https:\/\/api.w.org\/{rel}","templated":true}]}}